{"id":2497,"date":"2025-10-07T10:40:47","date_gmt":"2025-10-07T10:40:47","guid":{"rendered":"https:\/\/padelperformance.net\/?page_id=2497"},"modified":"2026-03-10T21:46:41","modified_gmt":"2026-03-10T21:46:41","slug":"services","status":"publish","type":"page","link":"https:\/\/padelperformance.net\/en\/services\/","title":{"rendered":"Services"},"content":{"rendered":"<p>Hos Padel Performance tilbyder vi en r\u00e6kke professionelle tr\u00e6ningsservices, skr\u00e6ddersyet til at m\u00f8de forskellige behov og niveauer.<\/p>\r\n\r\n\r\n\r\n<h2 class=\"wp-block-heading\"><a href=\"\/en\/the-player-reckoning\/\">The Player Reckoning\u2122<\/a><\/h2>\r\n\r\n\r\n\r\n<p>8-sessions udviklingsforl\u00f8b \u2014 Fra 17.500 kr<\/p>\r\n\r\n\r\n\r\n<h2 class=\"wp-block-heading\"><a href=\"\/en\/booking\/\">Privattr\u00e6ning<\/a><\/h2>\r\n\r\n\r\n\r\n<p>750 kr\/time<\/p>\r\n\r\n\r\n\r\n<h2 class=\"wp-block-heading\"><a href=\"\/en\/booking\/\">Holdtr\u00e6ning<\/a><\/h2>\r\n\r\n\r\n\r\n<p>750 kr\/time (op til 4 spillere)<\/p>\r\n\r\n\r\n\r\n<h2 class=\"wp-block-heading\"><a href=\"\/en\/erhverv\/\">Firmatr\u00e6ning og events<\/a><\/h2>\r\n\r\n\r\n\r\n<p>Pris efter aftale<\/p>","protected":false},"excerpt":{"rendered":"<p>Hos Padel Performance tilbyder vi en r\u00e6kke professionelle tr\u00e6ningsservices, skr\u00e6ddersyet til at m\u00f8de forskellige behov og niveauer. The Player Reckoning\u2122 8-sessions udviklingsforl\u00f8b \u2014 Fra 17.500 kr Privattr\u00e6ning 750 kr\/time Holdtr\u00e6ning 750 kr\/time (op til 4 spillere) Firmatr\u00e6ning og events Pris efter aftale<\/p>","protected":false},"author":3,"featured_media":0,"parent":0,"menu_order":0,"comment_status":"closed","ping_status":"closed","template":"","meta":{"footnotes":""},"class_list":["post-2497","page","type-page","status-publish","hentry"],"_links":{"self":[{"href":"https:\/\/padelperformance.net\/en\/wp-json\/wp\/v2\/pages\/2497","targetHints":{"allow":["GET"]}}],"collection":[{"href":"https:\/\/padelperformance.net\/en\/wp-json\/wp\/v2\/pages"}],"about":[{"href":"https:\/\/padelperformance.net\/en\/wp-json\/wp\/v2\/types\/page"}],"author":[{"embeddable":true,"href":"https:\/\/padelperformance.net\/en\/wp-json\/wp\/v2\/users\/3"}],"replies":[{"embeddable":true,"href":"https:\/\/padelperformance.net\/en\/wp-json\/wp\/v2\/comments?post=2497"}],"version-history":[{"count":6,"href":"https:\/\/padelperformance.net\/en\/wp-json\/wp\/v2\/pages\/2497\/revisions"}],"predecessor-version":[{"id":2607,"href":"https:\/\/padelperformance.net\/en\/wp-json\/wp\/v2\/pages\/2497\/revisions\/2607"}],"wp:attachment":[{"href":"https:\/\/padelperformance.net\/en\/wp-json\/wp\/v2\/media?parent=2497"}],"curies":[{"name":"wp","href":"https:\/\/api.w.org\/{rel}","templated":true}]}}